{"id":217,"date":"2018-10-29T18:38:48","date_gmt":"2018-10-29T17:38:48","guid":{"rendered":"http:\/\/dopfontherun.com\/?page_id=217"},"modified":"2018-10-29T18:43:25","modified_gmt":"2018-10-29T17:43:25","slug":"impressum","status":"publish","type":"page","link":"https:\/\/dopfontherun.com\/?page_id=217","title":{"rendered":"Impressum"},"content":{"rendered":"<div class=\"av-special-heading av-special-heading-h3    avia-builder-el-0  el_before_av_one_full  avia-builder-el-first   \">\n<h3 class=\"av-special-heading-tag \">Impressum<\/h3>\n<div class=\"special-heading-border\">\n<div class=\"special-heading-inner-border\"><\/div>\n<\/div>\n<\/div>\n<div class=\"flex_column av_one_full  flex_column_div av-zero-column-padding first  avia-builder-el-1  el_after_av_heading  avia-builder-el-last  \">\n<section class=\"av_textblock_section \">\n<div class=\"avia_textblock  \">\n<p>Harald Herrmannsd\u00f6rfer &amp; Juliane Fronia<br \/>\nBirkenallee 99a<br \/>\n91088 Bubenreuth<\/p>\n<p>info@dopfontherun.com<br \/>\n+49 171 3301442<\/p>\n<p><strong>Haftung f\u00fcr Inhalte<\/strong><br \/>\nAls Diensteanbieter sind wir gem\u00e4\u00df \u00a7 7 Abs. 1 TMG f\u00fcr eigene Inhalte auf diesen Seiten<br \/>\nnach den allgemeinen Gesetzen verantwortlich. Nach \u00a7\u00a7 8 bis 10 TMG sind wir als<br \/>\nDiensteanbieter jedoch nicht verpflichtet, \u00fcbermittelte oder gespeicherte fremde<br \/>\nInformationen zu \u00fcberwachen oder nach Umst\u00e4nden zu forschen, die auf eine<br \/>\nrechtswidrige T\u00e4tigkeit hinweisen. Verpflichtungen zur Entfernung oder Sperrung der<br \/>\nNutzung von Informationen nach den allgemeinen Gesetzen bleiben hiervon unber\u00fchrt.<br \/>\nEine diesbez\u00fcgliche Haftung ist jedoch erst ab dem Zeitpunkt der Kenntnis einer<br \/>\nkonkreten Rechtsverletzung m\u00f6glich. Bei Bekanntwerden von entsprechenden<br \/>\nRechtsverletzungen werden wir diese Inhalte umgehend entfernen.<\/p>\n<p><strong>Haftung f\u00fcr Links<\/strong><br \/>\nDas Angebot enth\u00e4lt Links zu externen Webseiten Dritter, auf deren Inhalte wir keinen<br \/>\nEinfluss haben. Deshalb k\u00f6nnen wir f\u00fcr diese fremden Inhalte auch keine Gew\u00e4hr<br \/>\n\u00fcbernehmen. F\u00fcr die Inhalte der verlinkten Seiten ist stets der jeweilige Anbieter oder<br \/>\nBetreiber der Seiten verantwortlich. Die verlinkten Seiten wurden zum Zeitpunkt der<br \/>\nVerlinkung auf m\u00f6gliche Rechtsverst\u00f6\u00dfe \u00fcberpr\u00fcft. Rechtswidrige Inhalte waren zum<br \/>\nZeitpunkt der Verlinkung nicht erkennbar. Eine permanente inhaltliche Kontrolle der<br \/>\nverlinkten Seiten ist jedoch ohne konkrete Anhaltspunkte einer Rechtsverletzung nicht<br \/>\nzumutbar. Bei Bekanntwerden von Rechtsverletzungen werden wir derartige Links<br \/>\numgehend entfernen.<\/p>\n<p><strong>Urheberrecht<\/strong><br \/>\nS\u00e4mtliche Inhalte, Fotos und Texte dieser Seite unterliegen dem Urheberschutz und sind<br \/>\nvon uns erbrachte Leistungen sowie unser Eigentum. Ausz\u00fcge, Kopien oder \u00e4hnliche<br \/>\nVerwendungen bed\u00fcrfen unserer ausdr\u00fccklichen schriftlichen Genehmigung. Soweit die<br \/>\nInhalte auf dieser Seite nicht von uns erstellt wurden, werden die Urheberrechte Dritter<br \/>\nbeachtet. Insbesondere werden Inhalte Dritter als solche gekennzeichnet. Sollten Sie<br \/>\ntrotzdem auf eine Urheberrechtsverletzung aufmerksam werden, bitten wir um einen<br \/>\nentsprechenden Hinweis. Bei Bekanntwerden von Rechtsverletzungen werden wir<br \/>\nderartige Inhalte umgehend entfernen.<\/p>\n<p><strong>Bildnachweise:<\/strong><\/p>\n<p>Alle Rechte an den verwendeten Bildern geh\u00f6ren Harald Herrmannsd\u00f6rfer &amp; Juliane Fronia<\/p>\n<\/div>\n<\/section>\n<\/div>\n","protected":false},"excerpt":{"rendered":"<p>Impressum Harald Herrmannsd\u00f6rfer &amp; Juliane Fronia Birkenallee 99a 91088 Bubenreuth info@dopfontherun.com +49 171 3301442 Haftung f\u00fcr Inhalte Als Diensteanbieter sind wir gem\u00e4\u00df \u00a7 7 Abs. 1 TMG f\u00fcr eigene Inhalte auf diesen Seiten nach den allgemeinen Gesetzen verantwortlich. Nach \u00a7\u00a7<\/p>\n","protected":false},"author":2,"featured_media":0,"parent":0,"menu_order":0,"comment_status":"closed","ping_status":"closed","template":"","meta":{"footnotes":""},"class_list":["post-217","page","type-page","status-publish","hentry"],"yoast_head":"<!-- This site is optimized with the Yoast SEO plugin v27.4 - https:\/\/yoast.com\/product\/yoast-seo-wordpress\/ -->\n<title>Impressum - DOpfOnTheRun<\/title>\n<meta name=\"robots\" content=\"index, follow, max-snippet:-1, max-image-preview:large, max-video-preview:-1\" \/>\n<link rel=\"canonical\" href=\"https:\/\/dopfontherun.com\/?page_id=217\" \/>\n<meta property=\"og:locale\" content=\"de_DE\" \/>\n<meta property=\"og:type\" content=\"article\" \/>\n<meta property=\"og:title\" content=\"Impressum - DOpfOnTheRun\" \/>\n<meta property=\"og:description\" content=\"Impressum Harald Herrmannsd\u00f6rfer &amp; Juliane Fronia Birkenallee 99a 91088 Bubenreuth info@dopfontherun.com +49 171 3301442 Haftung f\u00fcr Inhalte Als Diensteanbieter sind wir gem\u00e4\u00df \u00a7 7 Abs. 1 TMG f\u00fcr eigene Inhalte auf diesen Seiten nach den allgemeinen Gesetzen verantwortlich. Nach \u00a7\u00a7\" \/>\n<meta property=\"og:url\" content=\"https:\/\/dopfontherun.com\/?page_id=217\" \/>\n<meta property=\"og:site_name\" content=\"DOpfOnTheRun\" \/>\n<meta property=\"article:modified_time\" content=\"2018-10-29T17:43:25+00:00\" \/>\n<meta name=\"twitter:card\" content=\"summary_large_image\" \/>\n<meta name=\"twitter:label1\" content=\"Gesch\u00e4tzte Lesezeit\" \/>\n\t<meta name=\"twitter:data1\" content=\"2\u00a0Minuten\" \/>\n<script type=\"application\/ld+json\" class=\"yoast-schema-graph\">{\"@context\":\"https:\\\/\\\/schema.org\",\"@graph\":[{\"@type\":\"WebPage\",\"@id\":\"https:\\\/\\\/dopfontherun.com\\\/?page_id=217\",\"url\":\"https:\\\/\\\/dopfontherun.com\\\/?page_id=217\",\"name\":\"Impressum - DOpfOnTheRun\",\"isPartOf\":{\"@id\":\"https:\\\/\\\/dopfontherun.com\\\/#website\"},\"datePublished\":\"2018-10-29T17:38:48+00:00\",\"dateModified\":\"2018-10-29T17:43:25+00:00\",\"breadcrumb\":{\"@id\":\"https:\\\/\\\/dopfontherun.com\\\/?page_id=217#breadcrumb\"},\"inLanguage\":\"de\",\"potentialAction\":[{\"@type\":\"ReadAction\",\"target\":[\"https:\\\/\\\/dopfontherun.com\\\/?page_id=217\"]}]},{\"@type\":\"BreadcrumbList\",\"@id\":\"https:\\\/\\\/dopfontherun.com\\\/?page_id=217#breadcrumb\",\"itemListElement\":[{\"@type\":\"ListItem\",\"position\":1,\"name\":\"Startseite\",\"item\":\"https:\\\/\\\/dopfontherun.com\\\/\"},{\"@type\":\"ListItem\",\"position\":2,\"name\":\"Impressum\"}]},{\"@type\":\"WebSite\",\"@id\":\"https:\\\/\\\/dopfontherun.com\\\/#website\",\"url\":\"https:\\\/\\\/dopfontherun.com\\\/\",\"name\":\"DOpfOnTheRun\",\"description\":\"Ein Dutch Oven unterwegs im Wohnmobil\",\"publisher\":{\"@id\":\"https:\\\/\\\/dopfontherun.com\\\/#organization\"},\"potentialAction\":[{\"@type\":\"SearchAction\",\"target\":{\"@type\":\"EntryPoint\",\"urlTemplate\":\"https:\\\/\\\/dopfontherun.com\\\/?s={search_term_string}\"},\"query-input\":{\"@type\":\"PropertyValueSpecification\",\"valueRequired\":true,\"valueName\":\"search_term_string\"}}],\"inLanguage\":\"de\"},{\"@type\":\"Organization\",\"@id\":\"https:\\\/\\\/dopfontherun.com\\\/#organization\",\"name\":\"DOpfOnTheRun\",\"url\":\"https:\\\/\\\/dopfontherun.com\\\/\",\"logo\":{\"@type\":\"ImageObject\",\"inLanguage\":\"de\",\"@id\":\"https:\\\/\\\/dopfontherun.com\\\/#\\\/schema\\\/logo\\\/image\\\/\",\"url\":\"https:\\\/\\\/i0.wp.com\\\/dopfontherun.com\\\/wp-content\\\/uploads\\\/2018\\\/10\\\/cropped-DOTR_Logo_150_headless.png?fit=147%2C114&ssl=1\",\"contentUrl\":\"https:\\\/\\\/i0.wp.com\\\/dopfontherun.com\\\/wp-content\\\/uploads\\\/2018\\\/10\\\/cropped-DOTR_Logo_150_headless.png?fit=147%2C114&ssl=1\",\"width\":147,\"height\":114,\"caption\":\"DOpfOnTheRun\"},\"image\":{\"@id\":\"https:\\\/\\\/dopfontherun.com\\\/#\\\/schema\\\/logo\\\/image\\\/\"}}]}<\/script>\n<!-- \/ Yoast SEO plugin. -->","yoast_head_json":{"title":"Impressum - DOpfOnTheRun","robots":{"index":"index","follow":"follow","max-snippet":"max-snippet:-1","max-image-preview":"max-image-preview:large","max-video-preview":"max-video-preview:-1"},"canonical":"https:\/\/dopfontherun.com\/?page_id=217","og_locale":"de_DE","og_type":"article","og_title":"Impressum - DOpfOnTheRun","og_description":"Impressum Harald Herrmannsd\u00f6rfer &amp; Juliane Fronia Birkenallee 99a 91088 Bubenreuth info@dopfontherun.com +49 171 3301442 Haftung f\u00fcr Inhalte Als Diensteanbieter sind wir gem\u00e4\u00df \u00a7 7 Abs. 1 TMG f\u00fcr eigene Inhalte auf diesen Seiten nach den allgemeinen Gesetzen verantwortlich. Nach \u00a7\u00a7","og_url":"https:\/\/dopfontherun.com\/?page_id=217","og_site_name":"DOpfOnTheRun","article_modified_time":"2018-10-29T17:43:25+00:00","twitter_card":"summary_large_image","twitter_misc":{"Gesch\u00e4tzte Lesezeit":"2\u00a0Minuten"},"schema":{"@context":"https:\/\/schema.org","@graph":[{"@type":"WebPage","@id":"https:\/\/dopfontherun.com\/?page_id=217","url":"https:\/\/dopfontherun.com\/?page_id=217","name":"Impressum - DOpfOnTheRun","isPartOf":{"@id":"https:\/\/dopfontherun.com\/#website"},"datePublished":"2018-10-29T17:38:48+00:00","dateModified":"2018-10-29T17:43:25+00:00","breadcrumb":{"@id":"https:\/\/dopfontherun.com\/?page_id=217#breadcrumb"},"inLanguage":"de","potentialAction":[{"@type":"ReadAction","target":["https:\/\/dopfontherun.com\/?page_id=217"]}]},{"@type":"BreadcrumbList","@id":"https:\/\/dopfontherun.com\/?page_id=217#breadcrumb","itemListElement":[{"@type":"ListItem","position":1,"name":"Startseite","item":"https:\/\/dopfontherun.com\/"},{"@type":"ListItem","position":2,"name":"Impressum"}]},{"@type":"WebSite","@id":"https:\/\/dopfontherun.com\/#website","url":"https:\/\/dopfontherun.com\/","name":"DOpfOnTheRun","description":"Ein Dutch Oven unterwegs im Wohnmobil","publisher":{"@id":"https:\/\/dopfontherun.com\/#organization"},"potentialAction":[{"@type":"SearchAction","target":{"@type":"EntryPoint","urlTemplate":"https:\/\/dopfontherun.com\/?s={search_term_string}"},"query-input":{"@type":"PropertyValueSpecification","valueRequired":true,"valueName":"search_term_string"}}],"inLanguage":"de"},{"@type":"Organization","@id":"https:\/\/dopfontherun.com\/#organization","name":"DOpfOnTheRun","url":"https:\/\/dopfontherun.com\/","logo":{"@type":"ImageObject","inLanguage":"de","@id":"https:\/\/dopfontherun.com\/#\/schema\/logo\/image\/","url":"https:\/\/i0.wp.com\/dopfontherun.com\/wp-content\/uploads\/2018\/10\/cropped-DOTR_Logo_150_headless.png?fit=147%2C114&ssl=1","contentUrl":"https:\/\/i0.wp.com\/dopfontherun.com\/wp-content\/uploads\/2018\/10\/cropped-DOTR_Logo_150_headless.png?fit=147%2C114&ssl=1","width":147,"height":114,"caption":"DOpfOnTheRun"},"image":{"@id":"https:\/\/dopfontherun.com\/#\/schema\/logo\/image\/"}}]}},"jetpack_sharing_enabled":true,"post_mailing_queue_ids":[],"_links":{"self":[{"href":"https:\/\/dopfontherun.com\/index.php?rest_route=\/wp\/v2\/pages\/217","targetHints":{"allow":["GET"]}}],"collection":[{"href":"https:\/\/dopfontherun.com\/index.php?rest_route=\/wp\/v2\/pages"}],"about":[{"href":"https:\/\/dopfontherun.com\/index.php?rest_route=\/wp\/v2\/types\/page"}],"author":[{"embeddable":true,"href":"https:\/\/dopfontherun.com\/index.php?rest_route=\/wp\/v2\/users\/2"}],"replies":[{"embeddable":true,"href":"https:\/\/dopfontherun.com\/index.php?rest_route=%2Fwp%2Fv2%2Fcomments&post=217"}],"version-history":[{"count":2,"href":"https:\/\/dopfontherun.com\/index.php?rest_route=\/wp\/v2\/pages\/217\/revisions"}],"predecessor-version":[{"id":222,"href":"https:\/\/dopfontherun.com\/index.php?rest_route=\/wp\/v2\/pages\/217\/revisions\/222"}],"wp:attachment":[{"href":"https:\/\/dopfontherun.com\/index.php?rest_route=%2Fwp%2Fv2%2Fmedia&parent=217"}],"curies":[{"name":"wp","href":"https:\/\/api.w.org\/{rel}","templated":true}]}}